{"id":795,"date":"2018-12-13T16:46:58","date_gmt":"2018-12-13T15:46:58","guid":{"rendered":"http:\/\/eb-elite.fr\/?page_id=795"},"modified":"2019-07-18T14:17:26","modified_gmt":"2019-07-18T12:17:26","slug":"about-us","status":"publish","type":"page","link":"https:\/\/eb-elite.fr\/index.php\/about-us\/","title":{"rendered":"About Us"},"content":{"rendered":"\t\t<div data-elementor-type=\"wp-post\" data-elementor-id=\"795\" class=\"elementor elementor-795\" data-elementor-settings=\"[]\">\n\t\t\t\t\t\t<div class=\"elementor-inner\">\n\t\t\t\t\t\t\t<div class=\"elementor-section-wrap\">\n\t\t\t\t\t\t\t<section class=\"elementor-section elementor-top-section elementor-element elementor-element-ad84c30 elementor-section-boxed elementor-section-height-default elementor-section-height-default\" data-id=\"ad84c30\" data-element_type=\"section\">\n\t\t\t\t\t\t<div class=\"elementor-container elementor-column-gap-default\">\n\t\t\t\t\t\t\t<div class=\"elementor-row\">\n\t\t\t\t\t<div class=\"elementor-column elementor-col-50 elementor-top-column elementor-element elementor-element-92fd3a1\" data-id=\"92fd3a1\" data-element_type=\"column\">\n\t\t\t<div class=\"elementor-column-wrap elementor-element-populated\">\n\t\t\t\t\t\t\t<div class=\"elementor-widget-wrap\">\n\t\t\t\t\t\t<div class=\"elementor-element elementor-element-c2d8a3a elementor-widget elementor-widget-text-editor\" data-id=\"c2d8a3a\" data-element_type=\"widget\" data-widget_type=\"text-editor.default\">\n\t\t\t\t<div class=\"elementor-widget-container\">\n\t\t\t\t\t<div class=\"elementor-text-editor elementor-clearfix\"><h3 style=\"text-align: center;\"><strong><span style=\"color: #ffffff;\"><span style=\"color: #b8a868;\"><span style=\"color: #ffffff;\">Depuis<\/span> 2015,<\/span> nous aidons nos clients \u00e0 \u00e9voluer gr\u00e2ce \u00e0 nos services uniques dans le domaine du marketing et de la communication.<\/span><\/strong><\/h3><div><strong><span style=\"color: #ffffff;\">\u00a0<\/span><\/strong><\/div><p><span style=\"color: #ffffff;\">Nous travaillons main dans la main avec eux pour cr\u00e9er des solutions cr\u00e9atives et strat\u00e9giques.<\/span><\/p><p><span style=\"color: #ffffff;\"><b><span style=\"color: #b8a868;\">EB Elite<\/span><\/b> offre une approche compl\u00e8te avec la vitesse d&rsquo;ex\u00e9cution n\u00e9cessaire pour vous propulser vers le succ\u00e8s.<\/span><\/p><p><span style=\"color: #ffffff;\">Notre strat\u00e9gie ax\u00e9e sur la recherche nous plonge dans les probl\u00e9matiques de votre secteur, dans votre vision et votre culture d&rsquo;entreprise.<\/span><span style=\"color: #ffffff;\"><br \/><\/span><\/p><\/div>\n\t\t\t\t<\/div>\n\t\t\t\t<\/div>\n\t\t\t\t\t\t<\/div>\n\t\t\t\t\t<\/div>\n\t\t<\/div>\n\t\t\t\t<div class=\"elementor-column elementor-col-50 elementor-top-column elementor-element elementor-element-b86b21f\" data-id=\"b86b21f\" data-element_type=\"column\">\n\t\t\t<div class=\"elementor-column-wrap elementor-element-populated\">\n\t\t\t\t\t\t\t<div class=\"elementor-widget-wrap\">\n\t\t\t\t\t\t<div class=\"elementor-element elementor-element-b742a9e elementor-widget elementor-widget-image\" data-id=\"b742a9e\" data-element_type=\"widget\" data-widget_type=\"image.default\">\n\t\t\t\t<div class=\"elementor-widget-container\">\n\t\t\t\t\t<div class=\"elementor-image\">\n\t\t\t\t\t\t\t\t\t\t<img width=\"223\" height=\"300\" src=\"https:\/\/eb-elite.fr\/wp-content\/uploads\/2019\/07\/logo_horizental-223x300.png\" class=\"attachment-medium size-medium\" alt=\"\" loading=\"lazy\" srcset=\"https:\/\/eb-elite.fr\/wp-content\/uploads\/2019\/07\/logo_horizental-223x300.png 223w, https:\/\/eb-elite.fr\/wp-content\/uploads\/2019\/07\/logo_horizental.png 310w\" sizes=\"(max-width: 223px) 100vw, 223px\" \/>\t\t\t\t\t\t\t\t\t\t\t<\/div>\n\t\t\t\t<\/div>\n\t\t\t\t<\/div>\n\t\t\t\t\t\t<\/div>\n\t\t\t\t\t<\/div>\n\t\t<\/div>\n\t\t\t\t\t\t\t\t<\/div>\n\t\t\t\t\t<\/div>\n\t\t<\/section>\n\t\t\t\t<section class=\"elementor-section elementor-top-section elementor-element elementor-element-f0f0784 elementor-section-boxed elementor-section-height-default elementor-section-height-default\" data-id=\"f0f0784\" data-element_type=\"section\">\n\t\t\t\t\t\t<div class=\"elementor-container elementor-column-gap-default\">\n\t\t\t\t\t\t\t<div class=\"elementor-row\">\n\t\t\t\t\t<div class=\"elementor-column elementor-col-100 elementor-top-column elementor-element elementor-element-16494af\" data-id=\"16494af\" data-element_type=\"column\">\n\t\t\t<div class=\"elementor-column-wrap elementor-element-populated\">\n\t\t\t\t\t\t\t<div class=\"elementor-widget-wrap\">\n\t\t\t\t\t\t<div class=\"elementor-element elementor-element-8b3c1ed elementor-widget elementor-widget-text-editor\" data-id=\"8b3c1ed\" data-element_type=\"widget\" data-widget_type=\"text-editor.default\">\n\t\t\t\t<div class=\"elementor-widget-container\">\n\t\t\t\t\t<div class=\"elementor-text-editor elementor-clearfix\"><h2 style=\"text-align: center;\"><span style=\"color: #baaa69;\">\u00a0Nous nous occupons des besoins cr\u00e9atifs pour que vous ayez tout le temps n\u00e9cessaire pour g\u00e9rer\u00a0 votre entreprise.<\/span><\/h2><div style=\"text-align: center;\">\u00a0<\/div><div style=\"text-align: center;\">\u00a0<\/div><p style=\"text-align: left;\"><span style=\"color: #ffffff;\">En travaillant \u00e0 nos c\u00f4t\u00e9s, vous \u00eates s\u00fbrs d&rsquo;\u00e9voluer rapidement.<br \/>Notre savoir-faire s\u2019appuie sur la fid\u00e9lit\u00e9 de nos <u>c<\/u>lients qui font constamment appel \u00e0 nos services, appr\u00e9cient notre expertise, notre disponibilit\u00e9 et notre flexibilit\u00e9.<\/span><\/p><p style=\"text-align: left;\"><span style=\"color: #ffffff;\"><br \/>Car chez EB Elite, nous allons beaucoup plus loin que de vous pr\u00e9senter simplement des services uniques et des strat\u00e9gies avanc\u00e9s, nous\u00a0<\/span><span style=\"color: #ffffff;\">donnons une importance \u00e0 l\u2019humain et nous faisons tout notre possible pour conna\u00eetre au mieux notre client et lui apporter les services qui lui convienne r\u00e9ellement.<\/span><\/p><p style=\"text-align: left;\"><span style=\"color: #ffffff;\">Nous \u00e9tablissons des strat\u00e9gies tr\u00e8s pr\u00e9cises adapt\u00e9es \u00e0 votre entreprise, qu\u2019aucunes autres entreprises ne peuvent copier.<\/span><\/p><p style=\"text-align: left;\"><span style=\"color: #ffffff;\">Chaque projet est pens\u00e9 dans son ensemble, au plus pr\u00e8s de nos clients et de leurs attentes et la r\u00e9ussite de leur entreprise.<\/span><\/p><\/div>\n\t\t\t\t<\/div>\n\t\t\t\t<\/div>\n\t\t\t\t\t\t<\/div>\n\t\t\t\t\t<\/div>\n\t\t<\/div>\n\t\t\t\t\t\t\t\t<\/div>\n\t\t\t\t\t<\/div>\n\t\t<\/section>\n\t\t\t\t<section class=\"elementor-section elementor-top-section elementor-element elementor-element-06888a2 elementor-section-boxed elementor-section-height-default elementor-section-height-default\" data-id=\"06888a2\" data-element_type=\"section\">\n\t\t\t\t\t\t<div class=\"elementor-container elementor-column-gap-default\">\n\t\t\t\t\t\t\t<div class=\"elementor-row\">\n\t\t\t\t\t<div class=\"elementor-column elementor-col-100 elementor-top-column elementor-element elementor-element-7008daa\" data-id=\"7008daa\" data-element_type=\"column\">\n\t\t\t<div class=\"elementor-column-wrap elementor-element-populated\">\n\t\t\t\t\t\t\t<div class=\"elementor-widget-wrap\">\n\t\t\t\t\t\t<div class=\"elementor-element elementor-element-546558e elementor-widget elementor-widget-elementor-icon-service-image\" data-id=\"546558e\" data-element_type=\"widget\" data-widget_type=\"elementor-icon-service-image.default\">\n\t\t\t\t<div class=\"elementor-widget-container\">\n\t\t\t<style>\r\n\t\t\t.icon-service-img-module{\r\n\t\t\tbackground-image: url(https:\/\/eb-elite.fr\/wp-content\/plugins\/elementor\/assets\/images\/placeholder.png);\r\n\t\t}\r\n\t\t\t\t.icon-service-img-module{\r\n\t\t\tbackground-color: #181a1c;\r\n\t\t}\r\n\t\t\t\t.icon-service-img-module.module {\r\n\t\t\tcolor: #eceff3;\t\t\t\t\r\n\t\t}\r\n\t\t\t\t.icon-service-img-module .separator span{\r\n\t\t\tcolor: #888;\r\n\t\t}\r\n\t\t\t.icon-service-img-module .separator i {\r\n\t\t\tcolor: #b8a868;\r\n\t\t}\r\n\t\t\t\t.icon-service-img-module .service-icon{\r\n\t\t\tcolor: #b8a868;\r\n\t\t}\r\n\t\t\t\t.icon-service-img-module{\r\n\t\t    background-repeat: No Repeat;\r\n\t\t}\r\n\t\t\t.icon-service-img-module{\r\n\t\t    background-position: Left Top;\r\n\t\t}\r\n\t\t\t.icon-service-img-module{\r\n\t\t    background-size: auto;\r\n\t\t}\r\n\t\t\t.icon-service-img-module{\r\n\t\t    background-attachment: Scroll;\r\n\t\t}\r\n\t<\/style>\r\n\r\n<section id=\"\" class=\"module icon-service-img-module no-background clearfix\">\r\n\t<div class=\"container-fluid\">\r\n\t\t<div class=\"row\">\r\n\t\t\t\t\t\t\t\r\n\t\t\t\t<div class=\"module-caption col-md-12 text-center\">\r\n\t\t\t\t\t<h2>Nos <span>Services<\/span><\/h2>\r\n\r\n\t\t\t\t\t\r\n\t\t\t\t\t<div class=\"separator\">\r\n\t\t\t\t\t\t<span><i class=\"fa fa-circle\"><\/i><\/span>\r\n\t\t\t\t\t<\/div><!-- .separator -->\r\n\r\n\t\t\t\t\t<div class=\"spacer\"><\/div>\r\n\t\t\t\t<\/div><!-- .module-caption -->\r\n\t\t\t\r\n\t\t\t\r\n\t\t\t\t\t\t\t<div class=\"left-icon-boxes col-md-4\">\r\n\t\t\t\t\t\t\t\t\t\t\r\n\t\t\t\t\t\t<div class=\"icon-service-box wow slideInLeft\" data-wow-delay=\".5s\">\r\n\t\t\t\t\t\t\t\r\n\t\t\t\t\t\t\t<div class=\"service-icon text-center\">\r\n\t\t\t\t\t\t\t\t\t\t\t\t\t   <i class=\"fa fa-bullhorn\"><\/i>      \r\n\t\t\t\t\t\t   \t\t\t\t\t\t\t\t\r\n\t\t\t\t\t\t\t<\/div><!-- .service-icon -->\r\n\r\n\t\t\t\t\t\t\t\t\t\t\t\t\t\t\t<h3 class=\"service-title\">infographie<\/h3>\r\n\t\t\t\t\t\t\t\r\n\t\t\t\t\t\t\t\t\t\t\t\t\t\t\t<p class=\"service-content\">Pour que votre message parvienne \u00e0 votre prospect, il est n\u00e9cessaire qu'il soit visuellement attractif, et que votre marque ait une charte graphique harmonieuse avec votre produit\/service.<\/p>\r\n\t\t\t\t\t\t\t\r\n\t\t\t\t\t\t\t\r\n\t\t\t\t\t\t\t<div class=\"spacer\"><\/div>\r\n\t\t\t\t\t\t<\/div><!-- .icon-service-box -->\r\n\t\t\t\t\t\t\r\n\t\t\t\t\t\t\t\t\t\t\r\n\t\t\t\t\t\t<div class=\"icon-service-box wow slideInLeft\" data-wow-delay=\".5s\">\r\n\t\t\t\t\t\t\t\r\n\t\t\t\t\t\t\t<div class=\"service-icon text-center\">\r\n\t\t\t\t\t\t\t\t\t\t\t\t\t   <i class=\"fa fa-facebook-square\"><\/i>      \r\n\t\t\t\t\t\t   \t\t\t\t\t\t\t\t\r\n\t\t\t\t\t\t\t<\/div><!-- .service-icon -->\r\n\r\n\t\t\t\t\t\t\t\t\t\t\t\t\t\t\t<h3 class=\"service-title\">COMMUNITY MANAGEMENT<\/h3>\r\n\t\t\t\t\t\t\t\r\n\t\t\t\t\t\t\t\t\t\t\t\t\t\t\t<p class=\"service-content\">Nous d\u00e9veloppons une audience \u00e0 partir de z\u00e9ro ou une audience d\u00e9j\u00e0 existante.\r\nAvoir une audience est tr\u00e8s important pour la notori\u00e9t\u00e9 et l\u2019image d\u2019une entreprise.\r\n\r\n<\/p>\r\n\t\t\t\t\t\t\t\r\n\t\t\t\t\t\t\t\r\n\t\t\t\t\t\t\t<div class=\"spacer\"><\/div>\r\n\t\t\t\t\t\t<\/div><!-- .icon-service-box -->\r\n\t\t\t\t\t\t\r\n\t\t\t\t\t\t\t\t\t\t\r\n\t\t\t\t\t\t<div class=\"icon-service-box wow fadeInLeft\" data-wow-delay=\".5s\">\r\n\t\t\t\t\t\t\t\r\n\t\t\t\t\t\t\t<div class=\"service-icon text-center\">\r\n\t\t\t\t\t\t\t\t\t\t\t\t\t   <i class=\"fa fa-chrome\"><\/i>      \r\n\t\t\t\t\t\t   \t\t\t\t\t\t\t\t\r\n\t\t\t\t\t\t\t<\/div><!-- .service-icon -->\r\n\r\n\t\t\t\t\t\t\t\t\t\t\t\t\t\t\t<h3 class=\"service-title\">REDACTION WEB<\/h3>\r\n\t\t\t\t\t\t\t\r\n\t\t\t\t\t\t\t\t\t\t\t\t\t\t\t<p class=\"service-content\">La R\u00e9daction web optimis\u00e9 pour le SEO vous permettra d\u2019apporter du contenu int\u00e9ressant et de transformer des visiteurs en clients potentiels.\r\n<\/p>\r\n\t\t\t\t\t\t\t\r\n\t\t\t\t\t\t\t\r\n\t\t\t\t\t\t\t<div class=\"spacer\"><\/div>\r\n\t\t\t\t\t\t<\/div><!-- .icon-service-box -->\r\n\t\t\t\t\t\t\r\n\t\t\t\t\t \r\n\t\t\t\t<\/div><!-- .left-icon-boxes -->\r\n\t\t\t\r\n\t\t\t\t\t\t\t\r\n\t\t\t\t<div class=\"icon-box-img col-md-4 wow zoomIn\" data-wow-delay=\".5s\">\r\n\t\t\t\t\t<img src=\"https:\/\/eb-elite.fr\/wp-content\/uploads\/2019\/07\/design3.png\">\r\n\t\t\t\t<\/div><!-- .icon-box-img -->\r\n\t\t\t\r\n\t\t\t\t\t\t\t<div class=\"right-icon-boxes col-md-4\">\r\n\t\t\t\t\t\t\t\t\t\t\t\r\n\t\t\t\t\t\t<div class=\"icon-service-box wow fadeInRight\" data-wow-delay=\".5s\">\r\n\t\t\t\t\t\t\t\r\n\t\t\t\t\t\t\t<div class=\"service-icon text-center\">\r\n\t\t\t\t\t\t\t  \t\t\t\t\t\t\t   <i class=\"fa fa-user-plus\"><\/i>      \r\n\t\t\t\t\t\t\t   \t\t\t\t\t\t\t<\/div><!-- .service-icon -->\r\n\t\t\t\t\t\t\t\t\t\t\t\t\t\t\t<h3 class=\"service-title\">NOTORI\u00c9T\u00c9 ET D\u00c9VELOPPEMENT D\u2019AUDIENCE<\/h3>\r\n\t\t\t\t\t\t\t\r\n\t\t\t\t\t\t\t\t\t\t\t\t\t\t\t<p class=\"service-content\">D\u00e9velopper son entreprise n\u2019est pas chose facile avec une concurrence de plus en plus rude. Vous devez apprendre \u00e0 d\u00e9marquer votre entreprise et \u00eatre unique sur le march\u00e9. <\/p>\r\n\t\t\t\t\t\t\t\r\n\t\t\t\t\t\t\t\r\n\t\t\t\t\t\t\t<div class=\"spacer\"><\/div>\r\n\t\t\t\t\t\t<\/div><!-- .icon-service-box -->\r\n\t\t\t\t\t\t\t\t\t\t\t\t\r\n\t\t\t\t\t\t<div class=\"icon-service-box wow fadeInRight\" data-wow-delay=\".5s\">\r\n\t\t\t\t\t\t\t\r\n\t\t\t\t\t\t\t<div class=\"service-icon text-center\">\r\n\t\t\t\t\t\t\t  \t\t\t\t\t\t\t   <i class=\"fa fa-child\"><\/i>      \r\n\t\t\t\t\t\t\t   \t\t\t\t\t\t\t<\/div><!-- .service-icon -->\r\n\t\t\t\t\t\t\t\t\t\t\t\t\t\t\t<h3 class=\"service-title\">Augmentation de la fid\u00e9lit\u00e9<\/h3>\r\n\t\t\t\t\t\t\t\r\n\t\t\t\t\t\t\t\t\t\t\t\t\t\t\t<p class=\"service-content\">Malheureusement avec la concurrence \u00e9lev\u00e9e, les risques de perdre votre audience est \u00e9lev\u00e9.\r\nIl faut donc chaque jour assurer une veille constante et offrir une valeur et une communication irr\u00e9prochable.\r\n<\/p>\r\n\t\t\t\t\t\t\t\r\n\t\t\t\t\t\t\t\r\n\t\t\t\t\t\t\t<div class=\"spacer\"><\/div>\r\n\t\t\t\t\t\t<\/div><!-- .icon-service-box -->\r\n\t\t\t\t\t\t\t\t\t\t\t\t\r\n\t\t\t\t\t\t<div class=\"icon-service-box wow fadeInRight\" data-wow-delay=\".5s\">\r\n\t\t\t\t\t\t\t\r\n\t\t\t\t\t\t\t<div class=\"service-icon text-center\">\r\n\t\t\t\t\t\t\t  \t\t\t\t\t\t\t   <i class=\"fa fa-yelp\"><\/i>      \r\n\t\t\t\t\t\t\t   \t\t\t\t\t\t\t<\/div><!-- .service-icon -->\r\n\t\t\t\t\t\t\t\t\t\t\t\t\t\t\t<h3 class=\"service-title\">Motion design<\/h3>\r\n\t\t\t\t\t\t\t\r\n\t\t\t\t\t\t\t\t\t\t\t\t\t\t\t<p class=\"service-content\">Le motion design de\u0301signe l\u2019art de jouer sur la mise en mouvement d\u2019e\u0301le\u0301ments graphiques, sur un fond sonore, afin de transmettre avec plus de dynamisme un message donne\u0301.<\/p>\r\n\t\t\t\t\t\t\t\r\n\t\t\t\t\t\t\t\r\n\t\t\t\t\t\t\t<div class=\"spacer\"><\/div>\r\n\t\t\t\t\t\t<\/div><!-- .icon-service-box -->\r\n\t\t\t\t\t\t \r\n\t\t\t\t<\/div><!-- .right-icon-boxes -->\r\n\t\t\t\t\t<\/div><!-- .row -->\r\n\t<\/div><!-- .container -->\r\n<\/section><!-- #icon-service -->\r\n\t\t<\/div>\n\t\t\t\t<\/div>\n\t\t\t\t\t\t<\/div>\n\t\t\t\t\t<\/div>\n\t\t<\/div>\n\t\t\t\t\t\t\t\t<\/div>\n\t\t\t\t\t<\/div>\n\t\t<\/section>\n\t\t\t\t<section class=\"elementor-section elementor-top-section elementor-element elementor-element-ec4e791 elementor-section-stretched elementor-section-boxed elementor-section-height-default elementor-section-height-default\" data-id=\"ec4e791\" data-element_type=\"section\" data-settings=\"{&quot;stretch_section&quot;:&quot;section-stretched&quot;}\">\n\t\t\t\t\t\t<div class=\"elementor-container elementor-column-gap-default\">\n\t\t\t\t\t\t\t<div class=\"elementor-row\">\n\t\t\t\t\t<div class=\"elementor-column elementor-col-100 elementor-top-column elementor-element elementor-element-e7a3129\" data-id=\"e7a3129\" data-element_type=\"column\">\n\t\t\t<div class=\"elementor-column-wrap elementor-element-populated\">\n\t\t\t\t\t\t\t<div class=\"elementor-widget-wrap\">\n\t\t\t\t\t\t<div class=\"elementor-element elementor-element-b5251d7 elementor-widget__width-initial elementor-absolute elementor-widget elementor-widget-elementor-subscribe\" data-id=\"b5251d7\" data-element_type=\"widget\" data-settings=\"{&quot;_position&quot;:&quot;absolute&quot;}\" data-widget_type=\"elementor-subscribe.default\">\n\t\t\t\t<div class=\"elementor-widget-container\">\n\t\t\t<style>\r\n\t\t\t.subscribe-module{\r\n\t\tbackground-image: url(https:\/\/eb-elite.fr\/wp-content\/uploads\/2019\/07\/letterr.jpg);\r\n\t\t}\r\n\t\t\t.subscribe-module{\r\n\t\t    background-color: #181a1c;\r\n\t\t}\r\n\t\t\t.subscribe-module {\r\n\t\t    color: #ffffff;\r\n\t\t}\r\n\t\t\t.subscribe-module .input-group-btn{\r\n\t\t    background-color: #b9a969;\r\n\t\t}\r\n\t\t\t.subscribe-module{\r\n\t\t    background-repeat: No Repeat;\r\n\t\t}\r\n\t\t\t.subscribe-module{\r\n\t\t    background-position: center top;\r\n\t\t}\r\n\t\t\t.subscribe-module{\r\n\t\t    background-size: auto;\r\n\t\t}\r\n\t\t\t.subscribe-module {\r\n\t\t    background-attachment: scroll;\r\n\t\t}\r\n\t<\/style>\r\n\r\n<section id=\"subscribe-module\" class=\"module subscribe-module img-background parallax clearfix\" data-stellar-background-ratio=\"0.5\">\r\n\t<div class=\"container\">\r\n\t\t<div class=\"row\">\r\n\t\t\t<div class=\"col-md-7\">\r\n\t\t\t\t<h2 class=\"wow fadeInLeft\" data-wow-delay=\".3s\">Inscrivez vous \u00e0 notre <span> newsletter<\/h2>\r\n\t\t\t\t<p class=\"wow fadeInUp\" data-wow-delay=\".3s\">Abonnez-vous pour recevoir en exclusivit\u00e9 les derni\u00e8res news :<\/p>\t\t\t<\/div><!-- .col-md-7 -->\r\n\r\n\t\t\t\t\t\t\t\r\n\t\t\t\t<div class=\"col-md-5\">\r\n\t\t\t\t\t\r\n\t\t\t\t\t<form id=\"subscribe-form\" class=\"subscribe-form input-group\">\r\n\t\t\t\t\t\t<input type=\"email\" id=\"subscribe-email\" name=\"email\" placeholder=\"Enter your email address...\" class=\"required email form-control\" data-msg-required=\"Please fill out this field.\" data-msg-email=\"Please enter a valid email address.\" \/>\r\n\r\n\t\t\t\t\t\t<span class=\"input-group-btn\">\r\n\t\t\t\t\t\t\t<button class=\"btn subscribe-btn\" type=\"submit\" id=\"subscribe-form-submit\" name=\"submit\" value=\"submit\"><span>Notifiez-moi<\/span><\/button>\r\n\t\t\t\t\t\t<\/span>\r\n\r\n\t\t\t\t\t\t<div id=\"subscribe-form-result\"><\/div>\r\n\r\n\t\t\t\t\t\t<input type=\"hidden\" name=\"page_id\" value=\"795\">\r\n\t\t\t\t\t\t<input type=\"hidden\" name=\"action\" value=\"subscribe_form\">\r\n\r\n\t\t\t\t\t\t<input type=\"hidden\" id=\"ajax_subscribe_form_nonce\" name=\"ajax_subscribe_form_nonce\" value=\"b3a34303c0\" \/><input type=\"hidden\" name=\"_wp_http_referer\" value=\"\/index.php\/wp-json\/wp\/v2\/pages\/795\" \/>\t\t\t\t\t<\/form>\r\n\t\t\t\t<\/div><!-- .col-md-5-->\r\n\t\t\t\t\t<\/div><!-- .row -->\r\n\t<\/div><!-- .container -->\r\n<\/section><!-- #subscribe -->\r\n\t\t<\/div>\n\t\t\t\t<\/div>\n\t\t\t\t\t\t<\/div>\n\t\t\t\t\t<\/div>\n\t\t<\/div>\n\t\t\t\t\t\t\t\t<\/div>\n\t\t\t\t\t<\/div>\n\t\t<\/section>\n\t\t\t\t\t\t<\/div>\n\t\t\t\t\t\t<\/div>\n\t\t\t\t\t<\/div>\n\t\t","protected":false},"excerpt":{"rendered":"<p>Depuis 2015, nous aidons nos clients \u00e0 \u00e9voluer gr\u00e2ce \u00e0 nos services uniques dans le domaine du marketing et de la communication. \u00a0 Nous travaillons main dans la main avec eux pour cr\u00e9er des solutions cr\u00e9atives et strat\u00e9giques. EB Elite offre une approche compl\u00e8te avec la vitesse d&rsquo;ex\u00e9cution n\u00e9cessaire pour vous propulser vers le succ\u00e8s. Notre strat\u00e9gie ax\u00e9e sur la &hellip;<\/p>\n","protected":false},"author":1,"featured_media":0,"parent":0,"menu_order":0,"comment_status":"closed","ping_status":"open","template":"","meta":[],"yoast_head":"<!-- This site is optimized with the Yoast SEO plugin v15.0 - https:\/\/yoast.com\/wordpress\/plugins\/seo\/ -->\n<title>About Us - Eb Elite<\/title>\n<meta name=\"robots\" content=\"index, follow, max-snippet:-1, max-image-preview:large, max-video-preview:-1\" \/>\n<link rel=\"canonical\" href=\"https:\/\/eb-elite.fr\/index.php\/about-us\/\" \/>\n<meta property=\"og:locale\" content=\"fr_FR\" \/>\n<meta property=\"og:type\" content=\"article\" \/>\n<meta property=\"og:title\" content=\"About Us - Eb Elite\" \/>\n<meta property=\"og:description\" content=\"Depuis 2015, nous aidons nos clients \u00e0 \u00e9voluer gr\u00e2ce \u00e0 nos services uniques dans le domaine du marketing et de la communication. \u00a0 Nous travaillons main dans la main avec eux pour cr\u00e9er des solutions cr\u00e9atives et strat\u00e9giques. EB Elite offre une approche compl\u00e8te avec la vitesse d&rsquo;ex\u00e9cution n\u00e9cessaire pour vous propulser vers le succ\u00e8s. Notre strat\u00e9gie ax\u00e9e sur la &hellip;\" \/>\n<meta property=\"og:url\" content=\"https:\/\/eb-elite.fr\/index.php\/about-us\/\" \/>\n<meta property=\"og:site_name\" content=\"Eb Elite\" \/>\n<meta property=\"article:publisher\" content=\"https:\/\/www.facebook.com\/ebagency\" \/>\n<meta property=\"article:modified_time\" content=\"2019-07-18T12:17:26+00:00\" \/>\n<meta property=\"og:image\" content=\"https:\/\/eb-elite.fr\/wp-content\/uploads\/2019\/07\/logo_horizental-223x300.png\" \/>\n<meta name=\"twitter:card\" content=\"summary_large_image\" \/>\n<meta name=\"twitter:creator\" content=\"@eb_elite\" \/>\n<meta name=\"twitter:site\" content=\"@eb_elite\" \/>\n<script type=\"application\/ld+json\" class=\"yoast-schema-graph\">{\"@context\":\"https:\/\/schema.org\",\"@graph\":[{\"@type\":\"Organization\",\"@id\":\"https:\/\/eb-elite.fr\/#organization\",\"name\":\"EB Elite\",\"url\":\"https:\/\/eb-elite.fr\/\",\"sameAs\":[\"https:\/\/www.facebook.com\/ebagency\",\"https:\/\/www.instagram.com\/eb.communication\/?hl=fr\",\"https:\/\/www.linkedin.com\/company\/14776230\",\"https:\/\/twitter.com\/eb_elite\"],\"logo\":{\"@type\":\"ImageObject\",\"@id\":\"https:\/\/eb-elite.fr\/#logo\",\"inLanguage\":\"fr-FR\",\"url\":\"https:\/\/eb-elite.fr\/wp-content\/uploads\/2018\/12\/logo_horizental-2.png\",\"width\":310,\"height\":417,\"caption\":\"EB Elite\"},\"image\":{\"@id\":\"https:\/\/eb-elite.fr\/#logo\"}},{\"@type\":\"WebSite\",\"@id\":\"https:\/\/eb-elite.fr\/#website\",\"url\":\"https:\/\/eb-elite.fr\/\",\"name\":\"EB ELITE\",\"description\":\"Marketing &amp; communication\",\"publisher\":{\"@id\":\"https:\/\/eb-elite.fr\/#organization\"},\"potentialAction\":[{\"@type\":\"SearchAction\",\"target\":\"https:\/\/eb-elite.fr\/?s={search_term_string}\",\"query-input\":\"required name=search_term_string\"}],\"inLanguage\":\"fr-FR\"},{\"@type\":\"ImageObject\",\"@id\":\"https:\/\/eb-elite.fr\/index.php\/about-us\/#primaryimage\",\"inLanguage\":\"fr-FR\",\"url\":\"https:\/\/eb-elite.fr\/wp-content\/uploads\/2019\/07\/logo_horizental.png\",\"width\":310,\"height\":417},{\"@type\":\"WebPage\",\"@id\":\"https:\/\/eb-elite.fr\/index.php\/about-us\/#webpage\",\"url\":\"https:\/\/eb-elite.fr\/index.php\/about-us\/\",\"name\":\"About Us - Eb Elite\",\"isPartOf\":{\"@id\":\"https:\/\/eb-elite.fr\/#website\"},\"primaryImageOfPage\":{\"@id\":\"https:\/\/eb-elite.fr\/index.php\/about-us\/#primaryimage\"},\"datePublished\":\"2018-12-13T15:46:58+00:00\",\"dateModified\":\"2019-07-18T12:17:26+00:00\",\"inLanguage\":\"fr-FR\",\"potentialAction\":[{\"@type\":\"ReadAction\",\"target\":[\"https:\/\/eb-elite.fr\/index.php\/about-us\/\"]}]}]}<\/script>\n<!-- \/ Yoast SEO plugin. -->","_links":{"self":[{"href":"https:\/\/eb-elite.fr\/index.php\/wp-json\/wp\/v2\/pages\/795"}],"collection":[{"href":"https:\/\/eb-elite.fr\/index.php\/wp-json\/wp\/v2\/pages"}],"about":[{"href":"https:\/\/eb-elite.fr\/index.php\/wp-json\/wp\/v2\/types\/page"}],"author":[{"embeddable":true,"href":"https:\/\/eb-elite.fr\/index.php\/wp-json\/wp\/v2\/users\/1"}],"replies":[{"embeddable":true,"href":"https:\/\/eb-elite.fr\/index.php\/wp-json\/wp\/v2\/comments?post=795"}],"version-history":[{"count":42,"href":"https:\/\/eb-elite.fr\/index.php\/wp-json\/wp\/v2\/pages\/795\/revisions"}],"predecessor-version":[{"id":2565,"href":"https:\/\/eb-elite.fr\/index.php\/wp-json\/wp\/v2\/pages\/795\/revisions\/2565"}],"wp:attachment":[{"href":"https:\/\/eb-elite.fr\/index.php\/wp-json\/wp\/v2\/media?parent=795"}],"curies":[{"name":"wp","href":"https:\/\/api.w.org\/{rel}","templated":true}]}}